{"id":26,"date":"2013-09-06T18:46:55","date_gmt":"2013-09-06T16:46:55","guid":{"rendered":"http:\/\/www.daniellarsson.org\/?page_id=26"},"modified":"2016-12-31T12:20:50","modified_gmt":"2016-12-31T11:20:50","slug":"clients","status":"publish","type":"page","link":"https:\/\/www.daniellarsson.org\/?page_id=26","title":{"rendered":"Clients"},"content":{"rendered":"<p>\u00d6stg\u00f6ta Correspondenten<br \/>\nNorrk\u00f6pings Tidningar<br \/>\nRecord Heaven<br \/>\nPhonofile<br \/>\nZentuvo Sverige AB<br \/>\nFuzzy Media<br \/>\nS\u00e4ljaren<br \/>\nWedholm Webb &amp; SEO AB<br \/>\nSpr\u00e5ksam AB<br \/>\nHavsglimt AB<br \/>\nFalck R\u00e4ddningsk\u00e5r Aktiebolag<br \/>\nWall Cloud Productions AB<br \/>\nS\u00e4ljcoachen i Sverige AB<br \/>\nUpplevelser Andr\u00e9n AB<br \/>\nWebbdo<br \/>\nM Brath AB<br \/>\nReklamwebben i Svedala AB<br \/>\nSunbird<\/p>\n","protected":false},"excerpt":{"rendered":"<p>\u00d6stg\u00f6ta Correspondenten Norrk\u00f6pings Tidningar Record Heaven Phonofile Zentuvo Sverige AB Fuzzy Media S\u00e4ljaren Wedholm Webb &amp; SEO AB Spr\u00e5ksam AB Havsglimt AB Falck R\u00e4ddningsk\u00e5r Aktiebolag &hellip; <span class=\"screen-reader-text\"> &#8220;Clients&#8221;<\/span><\/p>\n","protected":false},"author":1,"featured_media":0,"parent":0,"menu_order":5,"comment_status":"closed","ping_status":"closed","template":"","meta":{"ngg_post_thumbnail":0},"_links":{"self":[{"href":"https:\/\/www.daniellarsson.org\/index.php?rest_route=\/wp\/v2\/pages\/26"}],"collection":[{"href":"https:\/\/www.daniellarsson.org\/index.php?rest_route=\/wp\/v2\/pages"}],"about":[{"href":"https:\/\/www.daniellarsson.org\/index.php?rest_route=\/wp\/v2\/types\/page"}],"author":[{"embeddable":true,"href":"https:\/\/www.daniellarsson.org\/index.php?rest_route=\/wp\/v2\/users\/1"}],"replies":[{"embeddable":true,"href":"https:\/\/www.daniellarsson.org\/index.php?rest_route=%2Fwp%2Fv2%2Fcomments&post=26"}],"version-history":[{"count":8,"href":"https:\/\/www.daniellarsson.org\/index.php?rest_route=\/wp\/v2\/pages\/26\/revisions"}],"predecessor-version":[{"id":104,"href":"https:\/\/www.daniellarsson.org\/index.php?rest_route=\/wp\/v2\/pages\/26\/revisions\/104"}],"wp:attachment":[{"href":"https:\/\/www.daniellarsson.org\/index.php?rest_route=%2Fwp%2Fv2%2Fmedia&parent=26"}],"curies":[{"name":"wp","href":"https:\/\/api.w.org\/{rel}","templated":true}]}}